{"id":17228607,"date":"2022-06-13T11:21:24","date_gmt":"2022-06-13T09:21:24","guid":{"rendered":"https:\/\/develop.visionmedia.nu\/onsala-ing\/about-onsala-ingenjorsbyra\/"},"modified":"2025-09-16T08:34:59","modified_gmt":"2025-09-16T06:34:59","slug":"about-onsala-ingenjorsbyra","status":"publish","type":"page","link":"https:\/\/onsala-ing.se\/en\/about-onsala-ingenjorsbyra\/","title":{"rendered":"About Onsala Ingenj\u00f6rsbyr\u00e5"},"content":{"rendered":"<p>[et_pb_section fb_built=&#8221;1&#8243; custom_padding_last_edited=&#8221;off|phone&#8221; _builder_version=&#8221;4.21.0&#8243; _module_preset=&#8221;default&#8221; background_color=&#8221;rgba(0,0,0,0.15)&#8221; background_image=&#8221;https:\/\/onsala-ing.se\/\/wp-content\/uploads\/2023\/05\/onsala_header3.jpg&#8221; background_blend=&#8221;overlay&#8221; custom_padding=&#8221;150px||150px||true|false&#8221; custom_padding_phone=&#8221;140px||140px||true|false&#8221; locked=&#8221;off&#8221; global_colors_info=&#8221;{}&#8221;][et_pb_row _builder_version=&#8221;4.17.3&#8243; _module_preset=&#8221;default&#8221; global_colors_info=&#8221;{}&#8221;][et_pb_column type=&#8221;4_4&#8243; _builder_version=&#8221;4.17.3&#8243; _module_preset=&#8221;default&#8221; global_colors_info=&#8221;{}&#8221;][et_pb_text _builder_version=&#8221;4.21.0&#8243; _module_preset=&#8221;default&#8221; text_font=&#8221;Hind|600||on|||||&#8221; text_text_color=&#8221;#3a3d3a&#8221; text_font_size=&#8221;17px&#8221; text_letter_spacing=&#8221;3px&#8221; text_orientation=&#8221;center&#8221; width=&#8221;299px&#8221; width_tablet=&#8221;200px&#8221; width_phone=&#8221;210px&#8221; width_last_edited=&#8221;on|tablet&#8221; module_alignment=&#8221;center&#8221; custom_margin=&#8221;|-80px||||&#8221; box_shadow_style=&#8221;preset7&#8243; box_shadow_horizontal=&#8221;0px&#8221; box_shadow_vertical=&#8221;-10px&#8221; box_shadow_color=&#8221;rgba(255,255,255,0.1)&#8221; locked=&#8221;off&#8221; global_colors_info=&#8221;{}&#8221;]Onsala Ingenj\u00f6rsbyr\u00e5 AB[\/et_pb_text][et_pb_text _builder_version=&#8221;4.21.0&#8243; _module_preset=&#8221;default&#8221; header_text_align=&#8221;center&#8221; header_text_color=&#8221;#FFFFFF&#8221; header_font_size=&#8221;85px&#8221; custom_margin=&#8221;||5px||false|false&#8221; header_font_size_tablet=&#8221;85px&#8221; header_font_size_phone=&#8221;60px&#8221; header_font_size_last_edited=&#8221;on|phone&#8221; global_colors_info=&#8221;{}&#8221;]<\/p>\n<h1>About Onsala Ingenj\u00f6rsbyr\u00e5 AB<\/h1>\n<p>[\/et_pb_text][\/et_pb_column][\/et_pb_row][\/et_pb_section][et_pb_section fb_built=&#8221;1&#8243; _builder_version=&#8221;4.17.3&#8243; _module_preset=&#8221;default&#8221; custom_padding=&#8221;0px||0px||true|false&#8221; border_width_bottom=&#8221;1px&#8221; border_color_bottom=&#8221;#E6E9EC&#8221; locked=&#8221;off&#8221; global_colors_info=&#8221;{}&#8221;][et_pb_row _builder_version=&#8221;4.17.3&#8243; _module_preset=&#8221;default&#8221; custom_margin=&#8221;||||false|false&#8221; custom_padding=&#8221;||0px||false|false&#8221; global_colors_info=&#8221;{}&#8221;][et_pb_column type=&#8221;4_4&#8243; _builder_version=&#8221;4.17.3&#8243; _module_preset=&#8221;default&#8221; global_colors_info=&#8221;{}&#8221;][dipi_breadcrumbs bc_items_alignment=&#8221;dipi-bc-center&#8221; bc_separator_icon=&#8221;&#x35;||divi||400&#8243; bc_separator_color=&#8221;RGBA(51,51,51,0.5)&#8221; _builder_version=&#8221;4.17.3&#8243; _module_preset=&#8221;default&#8221; items_font=&#8221;|600|||||||&#8221; items_text_color=&#8221;rgba(51,51,51,0.5)&#8221; hover_text_color=&#8221;#FDB42D&#8221; active_text_color=&#8221;#000000&#8243; custom_margin=&#8221;||0px||false|false&#8221; custom_padding=&#8221;||||false|false&#8221; locked=&#8221;off&#8221; global_colors_info=&#8221;{}&#8221; hover_text_color__hover_enabled=&#8221;off|desktop&#8221;][\/dipi_breadcrumbs][\/et_pb_column][\/et_pb_row][\/et_pb_section][et_pb_section fb_built=&#8221;1&#8243; _builder_version=&#8221;4.21.0&#8243; _module_preset=&#8221;default&#8221; background_color=&#8221;#FFFFFF&#8221; custom_padding=&#8221;||120px||false|false&#8221; locked=&#8221;off&#8221; global_colors_info=&#8221;{}&#8221;][et_pb_row column_structure=&#8221;1_2,1_2&#8243; make_equal=&#8221;on&#8221; _builder_version=&#8221;4.17.3&#8243; _module_preset=&#8221;default&#8221; global_colors_info=&#8221;{}&#8221;][et_pb_column type=&#8221;1_2&#8243; _builder_version=&#8221;4.17.3&#8243; _module_preset=&#8221;default&#8221; custom_css_main_element=&#8221;margin: auto;&#8221; global_colors_info=&#8221;{}&#8221;][et_pb_image src=&#8221;https:\/\/onsala-ing.se\/\/wp-content\/uploads\/2023\/05\/karriar_img.jpg&#8221; title_text=&#8221;karriar_img&#8221; _builder_version=&#8221;4.21.0&#8243; _module_preset=&#8221;default&#8221; custom_margin=&#8221;||||false|false&#8221; global_colors_info=&#8221;{}&#8221;][\/et_pb_image][et_pb_blurb title=&#8221;Call us at&#8221; use_icon=&#8221;on&#8221; font_icon=&#8221;&#xe090;||divi||400&#8243; icon_color=&#8221;#E37222&#8243; image_icon_background_color=&#8221;#f2f2f2&#8243; icon_placement=&#8221;left&#8221; image_icon_width=&#8221;15px&#8221; _builder_version=&#8221;4.22.1&#8243; _module_preset=&#8221;default&#8221; header_text_color=&#8221;#000000&#8243; header_font_size=&#8221;25px&#8221; header_letter_spacing=&#8221;0.1px&#8221; body_font=&#8221;Teko||||||||&#8221; body_text_color=&#8221;#333333&#8243; body_letter_spacing=&#8221;2px&#8221; body_line_height=&#8221;1em&#8221; background_color=&#8221;#f2f2f2&#8243; image_icon_custom_margin=&#8221;||||false|false&#8221; image_icon_custom_padding=&#8221;10px|10px|10px|10px|true|true&#8221; width=&#8221;200px&#8221; width_tablet=&#8221;200px&#8221; width_phone=&#8221;195px&#8221; width_last_edited=&#8221;on|desktop&#8221; custom_margin=&#8221;-180px|||-60px|false|false&#8221; custom_margin_tablet=&#8221;-180px||100px|-40px|false|false&#8221; custom_margin_phone=&#8221;|||0px|false|false&#8221; custom_margin_last_edited=&#8221;on|tablet&#8221; custom_padding=&#8221;20px|10px|20px|10px|true|true&#8221; hover_enabled=&#8221;0&#8243; custom_css_blurb_content=&#8221;margin-left: -30px;&#8221; border_radii_image=&#8221;on|100px|100px|100px|100px&#8221; border_width_all_image=&#8221;3px&#8221; border_color_all_image=&#8221;#E37222&#8243; global_colors_info=&#8221;{}&#8221; custom_css_blurb_image__hover_enabled=&#8221;off|hover&#8221; sticky_enabled=&#8221;0&#8243;]<\/p>\n<p>+46 705 64 64 00<\/p>\n<p>[\/et_pb_blurb][\/et_pb_column][et_pb_column type=&#8221;1_2&#8243; _builder_version=&#8221;4.17.3&#8243; _module_preset=&#8221;default&#8221; custom_css_main_element=&#8221;margin: auto;&#8221; global_colors_info=&#8221;{}&#8221;][et_pb_text _builder_version=&#8221;4.22.1&#8243; _module_preset=&#8221;default&#8221; text_font=&#8221;Hind|600||on|||||&#8221; text_text_color=&#8221;#E37222&#8243; text_letter_spacing=&#8221;3px&#8221; text_orientation=&#8221;center&#8221; width=&#8221;200px&#8221; module_alignment=&#8221;left&#8221; hover_enabled=&#8221;0&#8243; box_shadow_style=&#8221;preset7&#8243; box_shadow_horizontal=&#8221;0px&#8221; box_shadow_vertical=&#8221;-10px&#8221; box_shadow_color=&#8221;rgba(8,37,69,0.05)&#8221; locked=&#8221;off&#8221; global_colors_info=&#8221;{}&#8221; sticky_enabled=&#8221;0&#8243;]<\/p>\n<p>Onsala Ingenj\u00f6rsbyr\u00e5 AB<\/p>\n<p>[\/et_pb_text][et_pb_text _builder_version=&#8221;4.21.0&#8243; _module_preset=&#8221;default&#8221; header_2_font=&#8221;Teko||||||||&#8221; header_2_text_align=&#8221;left&#8221; header_2_font_size=&#8221;55px&#8221; module_alignment=&#8221;center&#8221; custom_margin=&#8221;||0px||false|false&#8221; header_2_font_size_tablet=&#8221;55px&#8221; header_2_font_size_phone=&#8221;35px&#8221; header_2_font_size_last_edited=&#8221;on|phone&#8221; locked=&#8221;off&#8221; global_colors_info=&#8221;{}&#8221;]<\/p>\n<h2>About us<\/h2>\n<p>[\/et_pb_text][et_pb_text _builder_version=&#8221;4.21.0&#8243; _module_preset=&#8221;default&#8221; text_line_height=&#8221;1.8em&#8221; global_colors_info=&#8221;{}&#8221;]<\/p>\n<p>Onsala Ingenj\u00f6rsbyr\u00e5 is a consulting firm specializing in computationally intensive strength and flow analyses. Most of the assignments are carried out for the Swedish nuclear power industry, but we have also carried out assignments for the Swedish automotive, space and marine industries.<\/p>\n<p>Our assignments are often complex and unique in nature, which means that the challenges are diverse and require interdisciplinary skills in CAD, FEA and CFD as well as signal processing and data management. We do this by having a wide range of common skills in the areas we work in and by constantly working on a strong cohesion in the group. The assignments we take on often require large computer resources, which constantly drives us to be at the forefront of the development of computer capacity and software, so we don&#8217;t shy away from jobs that others might consider too difficult or too big.<\/p>\n<p>We frequently participate in international benchmarks and R&amp;D projects to validate and develop our methods, programs and hardware as well as conferences and trainings to maintain a high level of competence.<\/p>\n<p>We also have a group of experienced senior advisors in both materials engineering and thermoset physics.<\/p>\n<p>2016, Onsala Ingenj\u00f6rsbyr\u00e5, Berdiz and Virtuell Design started<span> <\/span><a href=\"http:\/\/www.bevion.se\/\">BEVION Group AB<\/a>, a supplier of complete solutions in our areas. Since the start, Bevion Group has grown considerably and now includes several further specialist companies.<\/p>\n<p>For larger and complex assignments that require more resources, we also have a collaboration within the Bevion Group in Sweden and with, for example, Fauske in the USA.<\/p>\n<p>[\/et_pb_text][dipi_button_grid flex_direction=&#8221;row&#8221; justify_content=&#8221;flex-start&#8221; _builder_version=&#8221;4.22.1&#8243; _module_preset=&#8221;default&#8221; hover_enabled=&#8221;0&#8243; locked=&#8221;off&#8221; global_colors_info=&#8221;{}&#8221; sticky_enabled=&#8221;0&#8243;][dipi_button_grid_child button_id=&#8221;V\u00e5ra tj\u00e4nster&#8221; button_text=&#8221;Our field of expertise&#8221; button_link=&#8221;@ET-DC@eyJkeW5hbWljIjp0cnVlLCJjb250ZW50IjoicG9zdF9saW5rX3VybF9wYWdlIiwic2V0dGluZ3MiOnsicG9zdF9pZCI6IjU1MiJ9fQ==@&#8221; _builder_version=&#8221;4.22.1&#8243; _dynamic_attributes=&#8221;button_link&#8221; _module_preset=&#8221;default&#8221; custom_button=&#8221;on&#8221; button_text_size=&#8221;16px&#8221; button_text_color=&#8221;#FFFFFF&#8221; button_bg_color=&#8221;#E37222&#8243; button_border_width=&#8221;0px&#8221; button_border_radius=&#8221;0px&#8221; button_letter_spacing=&#8221;5px&#8221; button_font=&#8221;Teko|||on|||||&#8221; button_use_icon=&#8221;off&#8221; button_custom_padding=&#8221;20px|35px|20px|35px|true|true&#8221; button_custom_padding_tablet=&#8221;20px|35px|20px|35px|true|true&#8221; button_custom_padding_phone=&#8221;15px|15px|15px|15px|true|true&#8221; button_custom_padding_last_edited=&#8221;on|phone&#8221; hover_enabled=&#8221;0&#8243; button_text_size_tablet=&#8221;16px&#8221; button_text_size_phone=&#8221;13.5px&#8221; button_text_size_last_edited=&#8221;on|phone&#8221; global_colors_info=&#8221;{}&#8221; button_bg_color__hover_enabled=&#8221;on|hover&#8221; button_bg_color__hover=&#8221;#FFFFFF&#8221; button_bg_enable_color__hover=&#8221;on&#8221; button_text_color__hover=&#8221;#0077b6&#8243; button_text_color__hover_enabled=&#8221;on|hover&#8221; button_bg_enable_color=&#8221;on&#8221; sticky_enabled=&#8221;0&#8243;][\/dipi_button_grid_child][dipi_button_grid_child button_id=&#8221;Kontakta oss&#8221; button_text=&#8221;Contact us&#8221; button_link=&#8221;@ET-DC@eyJkeW5hbWljIjp0cnVlLCJjb250ZW50IjoicG9zdF9saW5rX3VybF9wYWdlIiwic2V0dGluZ3MiOnsicG9zdF9pZCI6IjU0OCJ9fQ==@&#8221; _builder_version=&#8221;4.22.1&#8243; _dynamic_attributes=&#8221;button_link&#8221; _module_preset=&#8221;default&#8221; custom_button=&#8221;on&#8221; button_text_size=&#8221;16px&#8221; button_text_color=&#8221;#E37222&#8243; button_bg_color=&#8221;#E6E9EC&#8221; button_border_width=&#8221;0px&#8221; button_border_radius=&#8221;0px&#8221; button_letter_spacing=&#8221;5px&#8221; button_font=&#8221;Teko|||on|||||&#8221; button_use_icon=&#8221;off&#8221; button_custom_padding=&#8221;20px|35px|20px|35px|true|true&#8221; button_custom_padding_tablet=&#8221;20px|35px|20px|35px|true|true&#8221; button_custom_padding_phone=&#8221;15px|15px|15px|15px|true|true&#8221; button_custom_padding_last_edited=&#8221;on|phone&#8221; hover_enabled=&#8221;0&#8243; button_text_size_tablet=&#8221;16px&#8221; button_text_size_phone=&#8221;13.5px&#8221; button_text_size_last_edited=&#8221;on|phone&#8221; global_colors_info=&#8221;{}&#8221; button_text_color__hover_enabled=&#8221;on|hover&#8221; button_text_color__hover=&#8221;#FFFFFF&#8221; button_bg_color__hover_enabled=&#8221;on|hover&#8221; button_bg_color__hover=&#8221;#0077b6&#8243; button_bg_enable_color__hover=&#8221;on&#8221; button_border_color__hover_enabled=&#8221;on|hover&#8221; button_border_color__hover=&#8221;#082545&#8243; button_bg_enable_color=&#8221;on&#8221; sticky_enabled=&#8221;0&#8243;][\/dipi_button_grid_child][\/dipi_button_grid][\/et_pb_column][\/et_pb_row][\/et_pb_section][et_pb_section fb_built=&#8221;1&#8243; _builder_version=&#8221;4.21.0&#8243; _module_preset=&#8221;default&#8221; custom_padding=&#8221;||||false|false&#8221; global_colors_info=&#8221;{}&#8221; use_background_color_gradient=&#8221;on&#8221; background_color_gradient_stops=&#8221;rgba(255,255,255,0) 0%|#e37222 100%&#8221; background_color_gradient_overlays_image=&#8221;on&#8221; background_image=&#8221;https:\/\/onsala-ing.se\/\/wp-content\/uploads\/2023\/05\/cpu_img2.jpg&#8221;][et_pb_row _builder_version=&#8221;4.17.3&#8243; _module_preset=&#8221;default&#8221; global_colors_info=&#8221;{}&#8221;][et_pb_column type=&#8221;4_4&#8243; _builder_version=&#8221;4.17.3&#8243; _module_preset=&#8221;default&#8221; global_colors_info=&#8221;{}&#8221;][et_pb_text _builder_version=&#8221;4.21.0&#8243; _module_preset=&#8221;default&#8221; text_font=&#8221;Hind|600||on|||||&#8221; text_text_color=&#8221;#FFFFFF&#8221; text_letter_spacing=&#8221;3px&#8221; text_orientation=&#8221;center&#8221; width=&#8221;200px&#8221; module_alignment=&#8221;center&#8221; box_shadow_style=&#8221;preset7&#8243; box_shadow_horizontal=&#8221;0px&#8221; box_shadow_vertical=&#8221;-10px&#8221; box_shadow_color=&#8221;rgba(255,255,255,0.2)&#8221; locked=&#8221;off&#8221; global_colors_info=&#8221;{}&#8221;]Business idea[\/et_pb_text][et_pb_text _builder_version=&#8221;4.21.0&#8243; _module_preset=&#8221;default&#8221; header_2_font=&#8221;Teko||||||||&#8221; header_2_text_align=&#8221;center&#8221; header_2_text_color=&#8221;#FFFFFF&#8221; header_2_font_size=&#8221;35px&#8221; width_tablet=&#8221;100%&#8221; width_phone=&#8221;100%&#8221; width_last_edited=&#8221;on|tablet&#8221; module_alignment=&#8221;center&#8221; header_2_font_size_tablet=&#8221;55px&#8221; header_2_font_size_phone=&#8221;35px&#8221; header_2_font_size_last_edited=&#8221;on|phone&#8221; locked=&#8221;off&#8221; global_colors_info=&#8221;{}&#8221;]<\/p>\n<h2>Ensuring essential functions in the nuclear reactor and other industrial applications through advanced strength and flow calculations, high expertise, validated software and powerful computer equipment.<\/h2>\n<p>[\/et_pb_text][\/et_pb_column][\/et_pb_row][\/et_pb_section][et_pb_section fb_built=&#8221;1&#8243; _builder_version=&#8221;4.21.0&#8243; _module_preset=&#8221;default&#8221; background_enable_image=&#8221;off&#8221; background_position=&#8221;top_center&#8221; custom_padding=&#8221;100px||100px||true|false&#8221; global_colors_info=&#8221;{}&#8221;][et_pb_row use_custom_gutter=&#8221;on&#8221; make_equal=&#8221;on&#8221; _builder_version=&#8221;4.21.0&#8243; _module_preset=&#8221;default&#8221; global_colors_info=&#8221;{}&#8221;][et_pb_column type=&#8221;4_4&#8243; _builder_version=&#8221;4.17.3&#8243; _module_preset=&#8221;default&#8221; custom_css_main_element=&#8221;margin: auto;&#8221; global_colors_info=&#8221;{}&#8221;][et_pb_text _builder_version=&#8221;4.22.1&#8243; _module_preset=&#8221;default&#8221; text_font=&#8221;Hind|600||on|||||&#8221; text_text_color=&#8221;#E37222&#8243; text_letter_spacing=&#8221;3px&#8221; text_orientation=&#8221;center&#8221; width=&#8221;200px&#8221; module_alignment=&#8221;center&#8221; custom_margin=&#8221;||20px||false|false&#8221; custom_margin_last_edited=&#8221;off|desktop&#8221; hover_enabled=&#8221;0&#8243; box_shadow_style=&#8221;preset7&#8243; box_shadow_horizontal=&#8221;0px&#8221; box_shadow_vertical=&#8221;-10px&#8221; box_shadow_color=&#8221;rgba(8,37,69,0.05)&#8221; locked=&#8221;off&#8221; global_colors_info=&#8221;{}&#8221; sticky_enabled=&#8221;0&#8243;]<\/p>\n<p>Onsala Ingenj\u00f6rsbyr\u00e5 AB<\/p>\n<p>[\/et_pb_text][et_pb_text _builder_version=&#8221;4.21.0&#8243; _module_preset=&#8221;default&#8221; header_2_font=&#8221;Teko||||||||&#8221; header_2_text_align=&#8221;center&#8221; header_2_font_size=&#8221;55px&#8221; text_orientation=&#8221;center&#8221; module_alignment=&#8221;center&#8221; custom_margin=&#8221;||0px||false|false&#8221; header_2_font_size_tablet=&#8221;55px&#8221; header_2_font_size_phone=&#8221;35px&#8221; header_2_font_size_last_edited=&#8221;on|phone&#8221; locked=&#8221;off&#8221; global_colors_info=&#8221;{}&#8221;]<\/p>\n<h2>Our vision<\/h2>\n<p>[\/et_pb_text][et_pb_text _builder_version=&#8221;4.21.0&#8243; _module_preset=&#8221;default&#8221; text_line_height=&#8221;1.8em&#8221; text_orientation=&#8221;center&#8221; locked=&#8221;off&#8221; global_colors_info=&#8221;{}&#8221;]&#8221;Your partner for advanced strength and flow calculations&#8221;[\/et_pb_text][\/et_pb_column][\/et_pb_row][\/et_pb_section]<\/p>\n","protected":false},"excerpt":{"rendered":"<p>Onsala Ingenj\u00f6rsbyr\u00e5 ABAbout Onsala Ingenj\u00f6rsbyr\u00e5 AB<div class=\"et_pb_module dipi_breadcrumbs dipi_breadcrumbs_0\">\n\t\t\t\t\n\t\t\t\t\n\t\t\t\t\n\t\t\t\t\n\t\t\t\t\n\t\t\t\t\n\t\t\t\t<div class=\"et_pb_module_inner\">\n\t\t\t\t\t<div class=\"dipi-breadcrumbs dipi-bc-center\">\r\n                <ul >\r\n                    \r\n                                <li  class=\"dipi-breadcrumb-item dipi-breadcrumb-home\">\r\n\r\n                                    <a  href=\"https:\/\/onsala-ing.se\/en\/\">\r\n                        <span >\r\n                                                        Onsala Ingenj\u00f6rsbyr\u00e5 AB                        <\/span>\r\n                    <\/a>\r\n\r\n                                <meta itemprop=\"position\" content=\"1\"\/>            <\/li>\r\n\r\n            <li class=\"dipi-breadcrumb-separator\">\r\n                    <span class=\"et-pb-icon dipi-separator-icon\">&#x35;<\/span>\r\n                <\/li>            \r\n                <\/ul>\r\n            <\/div>\n\t\t\t\t<\/div>\n\t\t\t<\/div>+46 705 64 64 00Onsala Ingenj\u00f6rsbyr\u00e5 ABAbout usOnsala Ingenj\u00f6rsbyr\u00e5 is a consulting firm specializing in computationally intensive strength and flow analyses. Most of the assignments are carried out for the Swedish nuclear power industry, but we [&hellip;]<\/p>\n","protected":false},"author":1,"featured_media":0,"parent":0,"menu_order":0,"comment_status":"closed","ping_status":"closed","template":"","meta":{"_et_pb_use_builder":"on","_et_pb_old_content":"","_et_gb_content_width":"","footnotes":""},"dipi_cpt_category":[],"class_list":["post-17228607","page","type-page","status-publish","hentry"],"yoast_head":"<!-- This site is optimized with the Yoast SEO plugin v24.5 - https:\/\/yoast.com\/wordpress\/plugins\/seo\/ -->\n<title>About Onsala Ingenj\u00f6rsbyr\u00e5 - Onsala Ingenj\u00f6rsbyr\u00e5 AB<\/title>\n<meta name=\"robots\" content=\"index, follow, max-snippet:-1, max-image-preview:large, max-video-preview:-1\" \/>\n<link rel=\"canonical\" href=\"https:\/\/onsala-ing.se\/om-onsala-ingenjorsbyra\/\" \/>\n<meta property=\"og:locale\" content=\"en_US\" \/>\n<meta property=\"og:type\" content=\"article\" \/>\n<meta property=\"og:title\" content=\"About Onsala Ingenj\u00f6rsbyr\u00e5 - Onsala Ingenj\u00f6rsbyr\u00e5 AB\" \/>\n<meta property=\"og:description\" content=\"Onsala Ingenj\u00f6rsbyr\u00e5 ABAbout Onsala Ingenj\u00f6rsbyr\u00e5 AB+46 705 64 64 00Onsala Ingenj\u00f6rsbyr\u00e5 ABAbout usOnsala Ingenj\u00f6rsbyr\u00e5 is a consulting firm specializing in computationally intensive strength and flow analyses. Most of the assignments are carried out for the Swedish nuclear power industry, but we [&hellip;]\" \/>\n<meta property=\"og:url\" content=\"https:\/\/onsala-ing.se\/om-onsala-ingenjorsbyra\/\" \/>\n<meta property=\"og:site_name\" content=\"Onsala Ingenj\u00f6rsbyr\u00e5 AB\" \/>\n<meta property=\"article:modified_time\" content=\"2025-09-16T06:34:59+00:00\" \/>\n<meta name=\"twitter:card\" content=\"summary_large_image\" \/>\n<meta name=\"twitter:label1\" content=\"Est. reading time\" \/>\n\t<meta name=\"twitter:data1\" content=\"9 minutes\" \/>\n<script type=\"application\/ld+json\" class=\"yoast-schema-graph\">{\"@context\":\"https:\/\/schema.org\",\"@graph\":[{\"@type\":\"WebPage\",\"@id\":\"https:\/\/onsala-ing.se\/om-onsala-ingenjorsbyra\/\",\"url\":\"https:\/\/onsala-ing.se\/om-onsala-ingenjorsbyra\/\",\"name\":\"About Onsala Ingenj\u00f6rsbyr\u00e5 - Onsala Ingenj\u00f6rsbyr\u00e5 AB\",\"isPartOf\":{\"@id\":\"https:\/\/onsala-ing.se\/#website\"},\"datePublished\":\"2022-06-13T09:21:24+00:00\",\"dateModified\":\"2025-09-16T06:34:59+00:00\",\"breadcrumb\":{\"@id\":\"https:\/\/onsala-ing.se\/om-onsala-ingenjorsbyra\/#breadcrumb\"},\"inLanguage\":\"en-US\",\"potentialAction\":[{\"@type\":\"ReadAction\",\"target\":[\"https:\/\/onsala-ing.se\/om-onsala-ingenjorsbyra\/\"]}]},{\"@type\":\"BreadcrumbList\",\"@id\":\"https:\/\/onsala-ing.se\/om-onsala-ingenjorsbyra\/#breadcrumb\",\"itemListElement\":[{\"@type\":\"ListItem\",\"position\":1,\"name\":\"Hem\",\"item\":\"https:\/\/onsala-ing.se\/\"},{\"@type\":\"ListItem\",\"position\":2,\"name\":\"About Onsala Ingenj\u00f6rsbyr\u00e5\"}]},{\"@type\":\"WebSite\",\"@id\":\"https:\/\/onsala-ing.se\/#website\",\"url\":\"https:\/\/onsala-ing.se\/\",\"name\":\"Onsala Ingenj\u00f6rsbyr\u00e5 AB\",\"description\":\"Kungsbackabaserat f\u00f6retag med \u00f6ver 20 \u00e5rs erfarenhet inom CFD, strukturmekanik, FSI och termohydraulik inom svensk k\u00e4rnkraftsindustri.\",\"publisher\":{\"@id\":\"https:\/\/onsala-ing.se\/#organization\"},\"potentialAction\":[{\"@type\":\"SearchAction\",\"target\":{\"@type\":\"EntryPoint\",\"urlTemplate\":\"https:\/\/onsala-ing.se\/?s={search_term_string}\"},\"query-input\":{\"@type\":\"PropertyValueSpecification\",\"valueRequired\":true,\"valueName\":\"search_term_string\"}}],\"inLanguage\":\"en-US\"},{\"@type\":\"Organization\",\"@id\":\"https:\/\/onsala-ing.se\/#organization\",\"name\":\"Onsala Ingenj\u00f6rsbyr\u00e5 AB\",\"url\":\"https:\/\/onsala-ing.se\/\",\"logo\":{\"@type\":\"ImageObject\",\"inLanguage\":\"en-US\",\"@id\":\"https:\/\/onsala-ing.se\/#\/schema\/logo\/image\/\",\"url\":\"https:\/\/onsala-ing.se\/wp-content\/uploads\/2023\/05\/logo.png\",\"contentUrl\":\"https:\/\/onsala-ing.se\/wp-content\/uploads\/2023\/05\/logo.png\",\"width\":450,\"height\":81,\"caption\":\"Onsala Ingenj\u00f6rsbyr\u00e5 AB\"},\"image\":{\"@id\":\"https:\/\/onsala-ing.se\/#\/schema\/logo\/image\/\"}}]}<\/script>\n<!-- \/ Yoast SEO plugin. -->","yoast_head_json":{"title":"About Onsala Ingenj\u00f6rsbyr\u00e5 - Onsala Ingenj\u00f6rsbyr\u00e5 AB","robots":{"index":"index","follow":"follow","max-snippet":"max-snippet:-1","max-image-preview":"max-image-preview:large","max-video-preview":"max-video-preview:-1"},"canonical":"https:\/\/onsala-ing.se\/om-onsala-ingenjorsbyra\/","og_locale":"en_US","og_type":"article","og_title":"About Onsala Ingenj\u00f6rsbyr\u00e5 - Onsala Ingenj\u00f6rsbyr\u00e5 AB","og_description":"Onsala Ingenj\u00f6rsbyr\u00e5 ABAbout Onsala Ingenj\u00f6rsbyr\u00e5 AB+46 705 64 64 00Onsala Ingenj\u00f6rsbyr\u00e5 ABAbout usOnsala Ingenj\u00f6rsbyr\u00e5 is a consulting firm specializing in computationally intensive strength and flow analyses. Most of the assignments are carried out for the Swedish nuclear power industry, but we [&hellip;]","og_url":"https:\/\/onsala-ing.se\/om-onsala-ingenjorsbyra\/","og_site_name":"Onsala Ingenj\u00f6rsbyr\u00e5 AB","article_modified_time":"2025-09-16T06:34:59+00:00","twitter_card":"summary_large_image","twitter_misc":{"Est. reading time":"9 minutes"},"schema":{"@context":"https:\/\/schema.org","@graph":[{"@type":"WebPage","@id":"https:\/\/onsala-ing.se\/om-onsala-ingenjorsbyra\/","url":"https:\/\/onsala-ing.se\/om-onsala-ingenjorsbyra\/","name":"About Onsala Ingenj\u00f6rsbyr\u00e5 - Onsala Ingenj\u00f6rsbyr\u00e5 AB","isPartOf":{"@id":"https:\/\/onsala-ing.se\/#website"},"datePublished":"2022-06-13T09:21:24+00:00","dateModified":"2025-09-16T06:34:59+00:00","breadcrumb":{"@id":"https:\/\/onsala-ing.se\/om-onsala-ingenjorsbyra\/#breadcrumb"},"inLanguage":"en-US","potentialAction":[{"@type":"ReadAction","target":["https:\/\/onsala-ing.se\/om-onsala-ingenjorsbyra\/"]}]},{"@type":"BreadcrumbList","@id":"https:\/\/onsala-ing.se\/om-onsala-ingenjorsbyra\/#breadcrumb","itemListElement":[{"@type":"ListItem","position":1,"name":"Hem","item":"https:\/\/onsala-ing.se\/"},{"@type":"ListItem","position":2,"name":"About Onsala Ingenj\u00f6rsbyr\u00e5"}]},{"@type":"WebSite","@id":"https:\/\/onsala-ing.se\/#website","url":"https:\/\/onsala-ing.se\/","name":"Onsala Ingenj\u00f6rsbyr\u00e5 AB","description":"Kungsbackabaserat f\u00f6retag med \u00f6ver 20 \u00e5rs erfarenhet inom CFD, strukturmekanik, FSI och termohydraulik inom svensk k\u00e4rnkraftsindustri.","publisher":{"@id":"https:\/\/onsala-ing.se\/#organization"},"potentialAction":[{"@type":"SearchAction","target":{"@type":"EntryPoint","urlTemplate":"https:\/\/onsala-ing.se\/?s={search_term_string}"},"query-input":{"@type":"PropertyValueSpecification","valueRequired":true,"valueName":"search_term_string"}}],"inLanguage":"en-US"},{"@type":"Organization","@id":"https:\/\/onsala-ing.se\/#organization","name":"Onsala Ingenj\u00f6rsbyr\u00e5 AB","url":"https:\/\/onsala-ing.se\/","logo":{"@type":"ImageObject","inLanguage":"en-US","@id":"https:\/\/onsala-ing.se\/#\/schema\/logo\/image\/","url":"https:\/\/onsala-ing.se\/wp-content\/uploads\/2023\/05\/logo.png","contentUrl":"https:\/\/onsala-ing.se\/wp-content\/uploads\/2023\/05\/logo.png","width":450,"height":81,"caption":"Onsala Ingenj\u00f6rsbyr\u00e5 AB"},"image":{"@id":"https:\/\/onsala-ing.se\/#\/schema\/logo\/image\/"}}]}},"_links":{"self":[{"href":"https:\/\/onsala-ing.se\/en\/wp-json\/wp\/v2\/pages\/17228607","targetHints":{"allow":["GET"]}}],"collection":[{"href":"https:\/\/onsala-ing.se\/en\/wp-json\/wp\/v2\/pages"}],"about":[{"href":"https:\/\/onsala-ing.se\/en\/wp-json\/wp\/v2\/types\/page"}],"author":[{"embeddable":true,"href":"https:\/\/onsala-ing.se\/en\/wp-json\/wp\/v2\/users\/1"}],"replies":[{"embeddable":true,"href":"https:\/\/onsala-ing.se\/en\/wp-json\/wp\/v2\/comments?post=17228607"}],"version-history":[{"count":9,"href":"https:\/\/onsala-ing.se\/en\/wp-json\/wp\/v2\/pages\/17228607\/revisions"}],"predecessor-version":[{"id":17228833,"href":"https:\/\/onsala-ing.se\/en\/wp-json\/wp\/v2\/pages\/17228607\/revisions\/17228833"}],"wp:attachment":[{"href":"https:\/\/onsala-ing.se\/en\/wp-json\/wp\/v2\/media?parent=17228607"}],"wp:term":[{"taxonomy":"dipi_cpt_category","embeddable":true,"href":"https:\/\/onsala-ing.se\/en\/wp-json\/wp\/v2\/dipi_cpt_category?post=17228607"}],"curies":[{"name":"wp","href":"https:\/\/api.w.org\/{rel}","templated":true}]}}