{"id":17228608,"date":"2022-06-13T11:21:47","date_gmt":"2022-06-13T09:21:47","guid":{"rendered":"https:\/\/develop.visionmedia.nu\/onsala-ing\/contact-us\/"},"modified":"2025-09-16T08:24:50","modified_gmt":"2025-09-16T06:24:50","slug":"contact-us","status":"publish","type":"page","link":"https:\/\/onsala-ing.se\/en\/contact-us\/","title":{"rendered":"Contact us"},"content":{"rendered":"<p>[et_pb_section fb_built=&#8221;1&#8243; custom_padding_last_edited=&#8221;off|phone&#8221; _builder_version=&#8221;4.21.0&#8243; _module_preset=&#8221;default&#8221; background_color=&#8221;rgba(0,0,0,0.15)&#8221; background_image=&#8221;https:\/\/onsala-ing.se\/\/wp-content\/uploads\/2023\/05\/onsala_header3.jpg&#8221; background_blend=&#8221;overlay&#8221; custom_padding=&#8221;150px||150px||true|false&#8221; custom_padding_phone=&#8221;140px||140px||true|false&#8221; locked=&#8221;off&#8221; global_colors_info=&#8221;{}&#8221;][et_pb_row _builder_version=&#8221;4.17.3&#8243; _module_preset=&#8221;default&#8221; global_colors_info=&#8221;{}&#8221;][et_pb_column type=&#8221;4_4&#8243; _builder_version=&#8221;4.17.3&#8243; _module_preset=&#8221;default&#8221; global_colors_info=&#8221;{}&#8221;][et_pb_text _builder_version=&#8221;4.21.0&#8243; _module_preset=&#8221;default&#8221; text_font=&#8221;Hind|600||on|||||&#8221; text_text_color=&#8221;#3a3d3a&#8221; text_letter_spacing=&#8221;3px&#8221; text_orientation=&#8221;center&#8221; width=&#8221;299px&#8221; width_tablet=&#8221;200px&#8221; width_phone=&#8221;210px&#8221; width_last_edited=&#8221;on|tablet&#8221; module_alignment=&#8221;center&#8221; box_shadow_style=&#8221;preset7&#8243; box_shadow_horizontal=&#8221;0px&#8221; box_shadow_vertical=&#8221;-10px&#8221; box_shadow_color=&#8221;rgba(255,255,255,0.1)&#8221; locked=&#8221;off&#8221; global_colors_info=&#8221;{}&#8221; text_font_size=&#8221;17px&#8221; custom_margin=&#8221;|-80px||||&#8221;]Onsala Ingenj\u00f6rsbyr\u00e5 AB[\/et_pb_text][et_pb_text _builder_version=&#8221;4.19.2&#8243; _module_preset=&#8221;default&#8221; header_text_align=&#8221;center&#8221; header_text_color=&#8221;#FFFFFF&#8221; header_font_size=&#8221;85px&#8221; custom_margin=&#8221;||5px||false|false&#8221; header_font_size_tablet=&#8221;85px&#8221; header_font_size_phone=&#8221;65px&#8221; header_font_size_last_edited=&#8221;on|phone&#8221; global_colors_info=&#8221;{}&#8221;]<\/p>\n<h1>Contact us<\/h1>\n<p>[\/et_pb_text][\/et_pb_column][\/et_pb_row][\/et_pb_section][et_pb_section fb_built=&#8221;1&#8243; _builder_version=&#8221;4.17.3&#8243; _module_preset=&#8221;default&#8221; custom_padding=&#8221;0px||0px||true|false&#8221; border_width_bottom=&#8221;1px&#8221; border_color_bottom=&#8221;#E6E9EC&#8221; locked=&#8221;off&#8221; global_colors_info=&#8221;{}&#8221;][et_pb_row _builder_version=&#8221;4.17.3&#8243; _module_preset=&#8221;default&#8221; custom_margin=&#8221;||||false|false&#8221; custom_padding=&#8221;||0px||false|false&#8221; global_colors_info=&#8221;{}&#8221;][et_pb_column type=&#8221;4_4&#8243; _builder_version=&#8221;4.17.3&#8243; _module_preset=&#8221;default&#8221; global_colors_info=&#8221;{}&#8221;][dipi_breadcrumbs bc_items_alignment=&#8221;dipi-bc-center&#8221; bc_separator_icon=&#8221;&#x35;||divi||400&#8243; bc_separator_color=&#8221;RGBA(51,51,51,0.5)&#8221; _builder_version=&#8221;4.17.3&#8243; _module_preset=&#8221;default&#8221; items_font=&#8221;|600|||||||&#8221; items_text_color=&#8221;rgba(51,51,51,0.5)&#8221; hover_text_color=&#8221;#FDB42D&#8221; active_text_color=&#8221;#000000&#8243; custom_margin=&#8221;||0px||false|false&#8221; locked=&#8221;off&#8221; global_colors_info=&#8221;{}&#8221; hover_text_color__hover_enabled=&#8221;off|desktop&#8221;][\/dipi_breadcrumbs][\/et_pb_column][\/et_pb_row][\/et_pb_section][et_pb_section fb_built=&#8221;1&#8243; _builder_version=&#8221;4.17.3&#8243; _module_preset=&#8221;default&#8221; global_colors_info=&#8221;{}&#8221;][et_pb_row _builder_version=&#8221;4.17.3&#8243; _module_preset=&#8221;default&#8221; locked=&#8221;off&#8221; global_colors_info=&#8221;{}&#8221;][et_pb_column type=&#8221;4_4&#8243; _builder_version=&#8221;4.17.3&#8243; _module_preset=&#8221;default&#8221; global_colors_info=&#8221;{}&#8221;][et_pb_text _builder_version=&#8221;4.22.1&#8243; _module_preset=&#8221;default&#8221; text_font=&#8221;Hind|600||on|||||&#8221; text_text_color=&#8221;#E37222&#8243; text_letter_spacing=&#8221;3px&#8221; text_orientation=&#8221;center&#8221; width=&#8221;200px&#8221; module_alignment=&#8221;center&#8221; hover_enabled=&#8221;0&#8243; box_shadow_style=&#8221;preset7&#8243; box_shadow_horizontal=&#8221;0px&#8221; box_shadow_vertical=&#8221;-10px&#8221; box_shadow_color=&#8221;rgba(8,37,69,0.05)&#8221; locked=&#8221;off&#8221; global_colors_info=&#8221;{}&#8221; sticky_enabled=&#8221;0&#8243;]<\/p>\n<p>Onsala Ingenj\u00f6rsbyr\u00e5 AB<\/p>\n<p>[\/et_pb_text][et_pb_text _builder_version=&#8221;4.19.2&#8243; _module_preset=&#8221;default&#8221; header_2_font=&#8221;Teko||||||||&#8221; header_2_text_align=&#8221;center&#8221; header_2_font_size=&#8221;55px&#8221; width=&#8221;650px&#8221; width_tablet=&#8221;100%&#8221; width_phone=&#8221;100%&#8221; width_last_edited=&#8221;on|phone&#8221; module_alignment=&#8221;center&#8221; header_2_font_size_tablet=&#8221;55px&#8221; header_2_font_size_phone=&#8221;35px&#8221; header_2_font_size_last_edited=&#8221;on|phone&#8221; global_colors_info=&#8221;{}&#8221;]<\/p>\n<h2>Contact us<\/h2>\n<p>[\/et_pb_text][\/et_pb_column][\/et_pb_row][et_pb_row column_structure=&#8221;2_5,3_5&#8243; use_custom_gutter=&#8221;on&#8221; gutter_width=&#8221;2&#8243; make_equal=&#8221;on&#8221; _builder_version=&#8221;4.21.0&#8243; _module_preset=&#8221;default&#8221; background_color=&#8221;#F5F5F5&#8243; custom_margin=&#8221;||50px||false|false&#8221; custom_padding=&#8221;0px||0px||true|false&#8221; locked=&#8221;off&#8221; global_colors_info=&#8221;{}&#8221;][et_pb_column type=&#8221;2_5&#8243; _builder_version=&#8221;4.17.3&#8243; _module_preset=&#8221;default&#8221; custom_padding=&#8221;60px|65px|60px|65px|true|true&#8221; custom_padding_tablet=&#8221;40px|40px|40px|40px|true|true&#8221; custom_padding_phone=&#8221;|20px||20px|true|true&#8221; custom_padding_last_edited=&#8221;on|tablet&#8221; box_shadow_style=&#8221;preset2&#8243; box_shadow_color=&#8221;rgba(92,92,92,0.05)&#8221; global_colors_info=&#8221;{}&#8221;][et_pb_text _builder_version=&#8221;4.21.0&#8243; _module_preset=&#8221;default&#8221; header_2_font=&#8221;Teko||||||||&#8221; header_2_text_align=&#8221;left&#8221; header_2_font_size=&#8221;55px&#8221; header_3_font_size=&#8221;35px&#8221; module_alignment=&#8221;center&#8221; custom_margin=&#8221;||||false|false&#8221; locked=&#8221;off&#8221; global_colors_info=&#8221;{}&#8221;]<\/p>\n<h3>Contact details<\/h3>\n<p>[\/et_pb_text][et_pb_text _builder_version=&#8221;4.22.1&#8243; _module_preset=&#8221;_initial&#8221; hover_enabled=&#8221;0&#8243; global_colors_info=&#8221;{}&#8221; text_text_color=&#8221;#E37222&#8243; sticky_enabled=&#8221;0&#8243;]<\/p>\n<h3>Fredrik Tornberg M.sc<\/h3>\n<p>CEO<\/p>\n<p>[\/et_pb_text][et_pb_blurb title=&#8221;Telephone&#8221; use_icon=&#8221;on&#8221; font_icon=&#8221;&#xe00b;||divi||400&#8243; icon_color=&#8221;#E37222&#8243; icon_placement=&#8221;left&#8221; image_icon_width=&#8221;25px&#8221; _builder_version=&#8221;4.22.1&#8243; _module_preset=&#8221;default&#8221; body_line_height=&#8221;0.8em&#8221; body_link_text_color=&#8221;#666666&#8243; custom_margin=&#8221;||30px||false|false&#8221; link_option_url=&#8221;mailto:support@site.com&#8221; hover_enabled=&#8221;0&#8243; global_colors_info=&#8221;{}&#8221; body_link_text_color__hover_enabled=&#8221;on|hover&#8221; body_link_text_color__hover=&#8221;#FDB42D&#8221; sticky_enabled=&#8221;0&#8243;]<\/p>\n<p><a href=\"callto:+46%20705%2064%2064%2000\">+46 705 64 64 00<\/a><\/p>\n<p>[\/et_pb_blurb][et_pb_blurb title=&#8221;email&#8221; use_icon=&#8221;on&#8221; font_icon=&#8221;&#xf2b6;||fa||900&#8243; icon_color=&#8221;#E37222&#8243; icon_placement=&#8221;left&#8221; image_icon_width=&#8221;25px&#8221; _builder_version=&#8221;4.22.1&#8243; _module_preset=&#8221;default&#8221; body_line_height=&#8221;0.8em&#8221; custom_margin=&#8221;||30px||false|false&#8221; link_option_url=&#8221;mailto:support@site.com&#8221; hover_enabled=&#8221;0&#8243; global_colors_info=&#8221;{}&#8221; sticky_enabled=&#8221;0&#8243;]<\/p>\n<p><a href=\"mailto:fredrik@onsala-ing.se\">fredrik@onsala-ing.se<\/a><\/p>\n<p>[\/et_pb_blurb][et_pb_blurb title=&#8221;Address&#8221; use_icon=&#8221;on&#8221; font_icon=&#8221;&#xf59f;||fa||900&#8243; icon_color=&#8221;#E37222&#8243; icon_placement=&#8221;left&#8221; image_icon_width=&#8221;25px&#8221; _builder_version=&#8221;4.22.1&#8243; _module_preset=&#8221;default&#8221; custom_margin=&#8221;||-1px||false|false&#8221; hover_enabled=&#8221;0&#8243; body_line_height_tablet=&#8221;0.8em&#8221; body_line_height_phone=&#8221;1.4em&#8221; body_line_height_last_edited=&#8221;on|phone&#8221; global_colors_info=&#8221;{}&#8221; sticky_enabled=&#8221;0&#8243;]<\/p>\n<p>ONSALA INGENJ\u00d6RSBYR\u00c5 AB<br \/>Energigatan 17A<br \/>434 37 Kungsbacka<br \/>Sweden<\/p>\n<p>[\/et_pb_blurb][\/et_pb_column][et_pb_column type=&#8221;3_5&#8243; _builder_version=&#8221;4.17.3&#8243; _module_preset=&#8221;default&#8221; custom_padding=&#8221;50px|50px|50px|0px|true|false&#8221; custom_padding_tablet=&#8221;40px|40px|40px|40px|true|true&#8221; custom_padding_phone=&#8221;20px||20px|20px|true|false&#8221; custom_padding_last_edited=&#8221;on|tablet&#8221; global_colors_info=&#8221;{}&#8221;][et_pb_text _builder_version=&#8221;4.21.0&#8243; _module_preset=&#8221;default&#8221; header_2_font=&#8221;Teko||||||||&#8221; header_2_text_align=&#8221;left&#8221; header_2_font_size=&#8221;55px&#8221; header_3_font_size=&#8221;35px&#8221; module_alignment=&#8221;center&#8221; custom_margin=&#8221;||10px||false|false&#8221; locked=&#8221;off&#8221; global_colors_info=&#8221;{}&#8221;]<\/p>\n<h3>Fluid mechanics and thermohydraulics<\/h3>\n<p>[\/et_pb_text][et_pb_text _builder_version=&#8221;4.22.1&#8243; _module_preset=&#8221;default&#8221; hover_enabled=&#8221;0&#8243; global_colors_info=&#8221;{}&#8221; sticky_enabled=&#8221;0&#8243;]<\/p>\n<h3>Pascal Veber Ph.D.<\/h3>\n<p>[\/et_pb_text][et_pb_blurb title=&#8221;Telephone&#8221; use_icon=&#8221;on&#8221; font_icon=&#8221;&#xe00b;||divi||400&#8243; icon_color=&#8221;#E37222&#8243; icon_placement=&#8221;left&#8221; image_icon_width=&#8221;25px&#8221; content_max_width=&#8221;100%&#8221; _builder_version=&#8221;4.22.1&#8243; _module_preset=&#8221;default&#8221; body_line_height=&#8221;0.8em&#8221; body_link_text_color=&#8221;#666666&#8243; custom_margin=&#8221;||30px||false|false&#8221; link_option_url=&#8221;mailto:support@site.com&#8221; hover_enabled=&#8221;0&#8243; global_colors_info=&#8221;{}&#8221; body_link_text_color__hover_enabled=&#8221;on|hover&#8221; body_link_text_color__hover=&#8221;#FDB42D&#8221; sticky_enabled=&#8221;0&#8243;]<\/p>\n<p><a href=\"callto:+46%20705%2043%2020%2007\">+46 705 43 20 07<\/a><\/p>\n<p>[\/et_pb_blurb][et_pb_blurb title=&#8221;email&#8221; use_icon=&#8221;on&#8221; font_icon=&#8221;&#xf2b6;||fa||900&#8243; icon_color=&#8221;#E37222&#8243; icon_placement=&#8221;left&#8221; image_icon_width=&#8221;25px&#8221; content_max_width=&#8221;100%&#8221; _builder_version=&#8221;4.22.1&#8243; _module_preset=&#8221;default&#8221; body_line_height=&#8221;0.8em&#8221; custom_margin=&#8221;||30px||false|false&#8221; link_option_url=&#8221;mailto:support@site.com&#8221; hover_enabled=&#8221;0&#8243; global_colors_info=&#8221;{}&#8221; sticky_enabled=&#8221;0&#8243;]<\/p>\n<p><a href=\"mailto:pascal@onsala-ing.se\">pascal@onsala-ing.se<\/a><\/p>\n<p>[\/et_pb_blurb][et_pb_text _builder_version=&#8221;4.21.0&#8243; _module_preset=&#8221;default&#8221; header_2_font=&#8221;Teko||||||||&#8221; header_2_text_align=&#8221;left&#8221; header_2_font_size=&#8221;55px&#8221; header_3_font_size=&#8221;35px&#8221; module_alignment=&#8221;center&#8221; custom_margin=&#8221;||10px||false|false&#8221; locked=&#8221;off&#8221; global_colors_info=&#8221;{}&#8221;]<\/p>\n<h3>Structural mechanics<\/h3>\n<p>[\/et_pb_text][et_pb_text _builder_version=&#8221;4.22.1&#8243; _module_preset=&#8221;default&#8221; hover_enabled=&#8221;0&#8243; global_colors_info=&#8221;{}&#8221; sticky_enabled=&#8221;0&#8243;]<\/p>\n<h3>Fredrik Tornberg M.Sc.<\/h3>\n<p>[\/et_pb_text][et_pb_blurb title=&#8221;Telephone&#8221; use_icon=&#8221;on&#8221; font_icon=&#8221;&#xe00b;||divi||400&#8243; icon_color=&#8221;#E37222&#8243; icon_placement=&#8221;left&#8221; image_icon_width=&#8221;25px&#8221; content_max_width=&#8221;100%&#8221; _builder_version=&#8221;4.22.1&#8243; _module_preset=&#8221;default&#8221; body_line_height=&#8221;0.8em&#8221; body_link_text_color=&#8221;#666666&#8243; custom_margin=&#8221;||30px||false|false&#8221; link_option_url=&#8221;mailto:support@site.com&#8221; hover_enabled=&#8221;0&#8243; global_colors_info=&#8221;{}&#8221; body_link_text_color__hover_enabled=&#8221;on|hover&#8221; body_link_text_color__hover=&#8221;#FDB42D&#8221; sticky_enabled=&#8221;0&#8243;]<\/p>\n<p><a href=\"callto:+46%20705%2064%2064%2000\">+46 705 64 64 00<\/a><\/p>\n<p>[\/et_pb_blurb][et_pb_blurb title=&#8221;email&#8221; use_icon=&#8221;on&#8221; font_icon=&#8221;&#xf2b6;||fa||900&#8243; icon_color=&#8221;#E37222&#8243; icon_placement=&#8221;left&#8221; image_icon_width=&#8221;25px&#8221; content_max_width=&#8221;100%&#8221; _builder_version=&#8221;4.22.1&#8243; _module_preset=&#8221;default&#8221; body_line_height=&#8221;0.8em&#8221; custom_margin=&#8221;||30px||false|false&#8221; link_option_url=&#8221;mailto:support@site.com&#8221; hover_enabled=&#8221;0&#8243; global_colors_info=&#8221;{}&#8221; sticky_enabled=&#8221;0&#8243;]<\/p>\n<p><a href=\"mailto:fredrik@onsala-ing.se\">fredrik@onsala-ing.se<\/a><\/p>\n<p>[\/et_pb_blurb][et_pb_text _builder_version=&#8221;4.21.0&#8243; _module_preset=&#8221;default&#8221; header_2_font=&#8221;Teko||||||||&#8221; header_2_text_align=&#8221;left&#8221; header_2_font_size=&#8221;55px&#8221; header_3_font_size=&#8221;35px&#8221; module_alignment=&#8221;center&#8221; custom_margin=&#8221;||10px||false|false&#8221; locked=&#8221;off&#8221; global_colors_info=&#8221;{}&#8221;]<\/p>\n<h3>Geometries<\/h3>\n<p>[\/et_pb_text][et_pb_text _builder_version=&#8221;4.22.1&#8243; _module_preset=&#8221;default&#8221; hover_enabled=&#8221;0&#8243; global_colors_info=&#8221;{}&#8221; text_text_color=&#8221;#E37222&#8243; sticky_enabled=&#8221;0&#8243;]<\/p>\n<h3>Mr Christian Fendinge<\/h3>\n<p>[\/et_pb_text][et_pb_blurb title=&#8221;Telephone&#8221; use_icon=&#8221;on&#8221; font_icon=&#8221;&#xe00b;||divi||400&#8243; icon_color=&#8221;#E37222&#8243; icon_placement=&#8221;left&#8221; image_icon_width=&#8221;25px&#8221; content_max_width=&#8221;100%&#8221; _builder_version=&#8221;4.22.1&#8243; _module_preset=&#8221;default&#8221; body_line_height=&#8221;0.8em&#8221; body_link_text_color=&#8221;#666666&#8243; custom_margin=&#8221;||30px||false|false&#8221; link_option_url=&#8221;mailto:support@site.com&#8221; hover_enabled=&#8221;0&#8243; global_colors_info=&#8221;{}&#8221; body_link_text_color__hover_enabled=&#8221;on|hover&#8221; body_link_text_color__hover=&#8221;#FDB42D&#8221; sticky_enabled=&#8221;0&#8243;]<\/p>\n<p><a href=\"callto:+46%20706%2049%2070%2044\">+46 735 23 10 00<\/a><\/p>\n<p>[\/et_pb_blurb][et_pb_blurb title=&#8221;email&#8221; use_icon=&#8221;on&#8221; font_icon=&#8221;&#xf2b6;||fa||900&#8243; icon_color=&#8221;#E37222&#8243; icon_placement=&#8221;left&#8221; image_icon_width=&#8221;25px&#8221; content_max_width=&#8221;100%&#8221; _builder_version=&#8221;4.22.1&#8243; _module_preset=&#8221;default&#8221; body_line_height=&#8221;0.8em&#8221; custom_margin=&#8221;||30px||false|false&#8221; link_option_url=&#8221;mailto:support@site.com&#8221; hover_enabled=&#8221;0&#8243; global_colors_info=&#8221;{}&#8221; sticky_enabled=&#8221;0&#8243;]<\/p>\n<p><a href=\"mailto:christian@onsala-ing.se\">christian@onsala-ing.se<\/a><\/p>\n<p>[\/et_pb_blurb][\/et_pb_column][\/et_pb_row][\/et_pb_section]<\/p>\n","protected":false},"excerpt":{"rendered":"<p>Onsala Ingenj\u00f6rsbyr\u00e5 ABContact us<div class=\"et_pb_module dipi_breadcrumbs dipi_breadcrumbs_0\">\n\t\t\t\t\n\t\t\t\t\n\t\t\t\t\n\t\t\t\t\n\t\t\t\t\n\t\t\t\t\n\t\t\t\t<div class=\"et_pb_module_inner\">\n\t\t\t\t\t<div class=\"dipi-breadcrumbs dipi-bc-center\">\r\n                <ul >\r\n                    \r\n                                <li  class=\"dipi-breadcrumb-item dipi-breadcrumb-home\">\r\n\r\n                                    <a  href=\"https:\/\/onsala-ing.se\/en\/\">\r\n                        <span >\r\n                                                        Onsala Ingenj\u00f6rsbyr\u00e5 AB                        <\/span>\r\n                    <\/a>\r\n\r\n                                <meta itemprop=\"position\" content=\"1\"\/>            <\/li>\r\n\r\n            <li class=\"dipi-breadcrumb-separator\">\r\n                    <span class=\"et-pb-icon dipi-separator-icon\">&#x35;<\/span>\r\n                <\/li>            \r\n                <\/ul>\r\n            <\/div>\n\t\t\t\t<\/div>\n\t\t\t<\/div>Onsala Ingenj\u00f6rsbyr\u00e5 ABContact usContact detailsFredrik Tornberg M.sc CEO+46 705 64 64 00fredrik@onsala-ing.seONSALA INGENJ\u00d6RSBYR\u00c5 ABEnergigatan 17A434 37 KungsbackaSwedenFluid mechanics and thermohydraulicsPascal Veber Ph.D.+46 705 43 20 07pascal@onsala-ing.seStructural mechanicsFredrik Tornberg M.Sc.+46 705 64 64 00fredrik@onsala-ing.seGeometriesMr Christian Fendinge+46 735 23 10 00christian@onsala-ing.se<\/p>\n","protected":false},"author":1,"featured_media":0,"parent":0,"menu_order":0,"comment_status":"closed","ping_status":"closed","template":"","meta":{"_et_pb_use_builder":"on","_et_pb_old_content":"","_et_gb_content_width":"","footnotes":""},"dipi_cpt_category":[],"class_list":["post-17228608","page","type-page","status-publish","hentry"],"yoast_head":"<!-- This site is optimized with the Yoast SEO plugin v24.5 - https:\/\/yoast.com\/wordpress\/plugins\/seo\/ -->\n<title>Contact us - Onsala Ingenj\u00f6rsbyr\u00e5 AB<\/title>\n<meta name=\"robots\" content=\"index, follow, max-snippet:-1, max-image-preview:large, max-video-preview:-1\" \/>\n<link rel=\"canonical\" href=\"https:\/\/onsala-ing.se\/kontakta-oss\/\" \/>\n<meta property=\"og:locale\" content=\"en_US\" \/>\n<meta property=\"og:type\" content=\"article\" \/>\n<meta property=\"og:title\" content=\"Contact us - Onsala Ingenj\u00f6rsbyr\u00e5 AB\" \/>\n<meta property=\"og:description\" content=\"Onsala Ingenj\u00f6rsbyr\u00e5 ABContact usOnsala Ingenj\u00f6rsbyr\u00e5 ABContact usContact detailsFredrik Tornberg M.sc CEO+46 705 64 64 00fredrik@onsala-ing.seONSALA INGENJ\u00d6RSBYR\u00c5 ABEnergigatan 17A434 37 KungsbackaSwedenFluid mechanics and thermohydraulicsPascal Veber Ph.D.+46 705 43 20 07pascal@onsala-ing.seStructural mechanicsFredrik Tornberg M.Sc.+46 705 64 64 00fredrik@onsala-ing.seGeometriesMr Christian Fendinge+46 735 23 10 00christian@onsala-ing.se\" \/>\n<meta property=\"og:url\" content=\"https:\/\/onsala-ing.se\/kontakta-oss\/\" \/>\n<meta property=\"og:site_name\" content=\"Onsala Ingenj\u00f6rsbyr\u00e5 AB\" \/>\n<meta property=\"article:modified_time\" content=\"2025-09-16T06:24:50+00:00\" \/>\n<meta name=\"twitter:card\" content=\"summary_large_image\" \/>\n<meta name=\"twitter:label1\" content=\"Est. reading time\" \/>\n\t<meta name=\"twitter:data1\" content=\"8 minutes\" \/>\n<script type=\"application\/ld+json\" class=\"yoast-schema-graph\">{\"@context\":\"https:\/\/schema.org\",\"@graph\":[{\"@type\":\"WebPage\",\"@id\":\"https:\/\/onsala-ing.se\/kontakta-oss\/\",\"url\":\"https:\/\/onsala-ing.se\/kontakta-oss\/\",\"name\":\"Contact us - Onsala Ingenj\u00f6rsbyr\u00e5 AB\",\"isPartOf\":{\"@id\":\"https:\/\/onsala-ing.se\/#website\"},\"datePublished\":\"2022-06-13T09:21:47+00:00\",\"dateModified\":\"2025-09-16T06:24:50+00:00\",\"breadcrumb\":{\"@id\":\"https:\/\/onsala-ing.se\/kontakta-oss\/#breadcrumb\"},\"inLanguage\":\"en-US\",\"potentialAction\":[{\"@type\":\"ReadAction\",\"target\":[\"https:\/\/onsala-ing.se\/kontakta-oss\/\"]}]},{\"@type\":\"BreadcrumbList\",\"@id\":\"https:\/\/onsala-ing.se\/kontakta-oss\/#breadcrumb\",\"itemListElement\":[{\"@type\":\"ListItem\",\"position\":1,\"name\":\"Hem\",\"item\":\"https:\/\/onsala-ing.se\/\"},{\"@type\":\"ListItem\",\"position\":2,\"name\":\"Contact us\"}]},{\"@type\":\"WebSite\",\"@id\":\"https:\/\/onsala-ing.se\/#website\",\"url\":\"https:\/\/onsala-ing.se\/\",\"name\":\"Onsala Ingenj\u00f6rsbyr\u00e5 AB\",\"description\":\"Kungsbackabaserat f\u00f6retag med \u00f6ver 20 \u00e5rs erfarenhet inom CFD, strukturmekanik, FSI och termohydraulik inom svensk k\u00e4rnkraftsindustri.\",\"publisher\":{\"@id\":\"https:\/\/onsala-ing.se\/#organization\"},\"potentialAction\":[{\"@type\":\"SearchAction\",\"target\":{\"@type\":\"EntryPoint\",\"urlTemplate\":\"https:\/\/onsala-ing.se\/?s={search_term_string}\"},\"query-input\":{\"@type\":\"PropertyValueSpecification\",\"valueRequired\":true,\"valueName\":\"search_term_string\"}}],\"inLanguage\":\"en-US\"},{\"@type\":\"Organization\",\"@id\":\"https:\/\/onsala-ing.se\/#organization\",\"name\":\"Onsala Ingenj\u00f6rsbyr\u00e5 AB\",\"url\":\"https:\/\/onsala-ing.se\/\",\"logo\":{\"@type\":\"ImageObject\",\"inLanguage\":\"en-US\",\"@id\":\"https:\/\/onsala-ing.se\/#\/schema\/logo\/image\/\",\"url\":\"https:\/\/onsala-ing.se\/wp-content\/uploads\/2023\/05\/logo.png\",\"contentUrl\":\"https:\/\/onsala-ing.se\/wp-content\/uploads\/2023\/05\/logo.png\",\"width\":450,\"height\":81,\"caption\":\"Onsala Ingenj\u00f6rsbyr\u00e5 AB\"},\"image\":{\"@id\":\"https:\/\/onsala-ing.se\/#\/schema\/logo\/image\/\"}}]}<\/script>\n<!-- \/ Yoast SEO plugin. -->","yoast_head_json":{"title":"Contact us - Onsala Ingenj\u00f6rsbyr\u00e5 AB","robots":{"index":"index","follow":"follow","max-snippet":"max-snippet:-1","max-image-preview":"max-image-preview:large","max-video-preview":"max-video-preview:-1"},"canonical":"https:\/\/onsala-ing.se\/kontakta-oss\/","og_locale":"en_US","og_type":"article","og_title":"Contact us - Onsala Ingenj\u00f6rsbyr\u00e5 AB","og_description":"Onsala Ingenj\u00f6rsbyr\u00e5 ABContact usOnsala Ingenj\u00f6rsbyr\u00e5 ABContact usContact detailsFredrik Tornberg M.sc CEO+46 705 64 64 00fredrik@onsala-ing.seONSALA INGENJ\u00d6RSBYR\u00c5 ABEnergigatan 17A434 37 KungsbackaSwedenFluid mechanics and thermohydraulicsPascal Veber Ph.D.+46 705 43 20 07pascal@onsala-ing.seStructural mechanicsFredrik Tornberg M.Sc.+46 705 64 64 00fredrik@onsala-ing.seGeometriesMr Christian Fendinge+46 735 23 10 00christian@onsala-ing.se","og_url":"https:\/\/onsala-ing.se\/kontakta-oss\/","og_site_name":"Onsala Ingenj\u00f6rsbyr\u00e5 AB","article_modified_time":"2025-09-16T06:24:50+00:00","twitter_card":"summary_large_image","twitter_misc":{"Est. reading time":"8 minutes"},"schema":{"@context":"https:\/\/schema.org","@graph":[{"@type":"WebPage","@id":"https:\/\/onsala-ing.se\/kontakta-oss\/","url":"https:\/\/onsala-ing.se\/kontakta-oss\/","name":"Contact us - Onsala Ingenj\u00f6rsbyr\u00e5 AB","isPartOf":{"@id":"https:\/\/onsala-ing.se\/#website"},"datePublished":"2022-06-13T09:21:47+00:00","dateModified":"2025-09-16T06:24:50+00:00","breadcrumb":{"@id":"https:\/\/onsala-ing.se\/kontakta-oss\/#breadcrumb"},"inLanguage":"en-US","potentialAction":[{"@type":"ReadAction","target":["https:\/\/onsala-ing.se\/kontakta-oss\/"]}]},{"@type":"BreadcrumbList","@id":"https:\/\/onsala-ing.se\/kontakta-oss\/#breadcrumb","itemListElement":[{"@type":"ListItem","position":1,"name":"Hem","item":"https:\/\/onsala-ing.se\/"},{"@type":"ListItem","position":2,"name":"Contact us"}]},{"@type":"WebSite","@id":"https:\/\/onsala-ing.se\/#website","url":"https:\/\/onsala-ing.se\/","name":"Onsala Ingenj\u00f6rsbyr\u00e5 AB","description":"Kungsbackabaserat f\u00f6retag med \u00f6ver 20 \u00e5rs erfarenhet inom CFD, strukturmekanik, FSI och termohydraulik inom svensk k\u00e4rnkraftsindustri.","publisher":{"@id":"https:\/\/onsala-ing.se\/#organization"},"potentialAction":[{"@type":"SearchAction","target":{"@type":"EntryPoint","urlTemplate":"https:\/\/onsala-ing.se\/?s={search_term_string}"},"query-input":{"@type":"PropertyValueSpecification","valueRequired":true,"valueName":"search_term_string"}}],"inLanguage":"en-US"},{"@type":"Organization","@id":"https:\/\/onsala-ing.se\/#organization","name":"Onsala Ingenj\u00f6rsbyr\u00e5 AB","url":"https:\/\/onsala-ing.se\/","logo":{"@type":"ImageObject","inLanguage":"en-US","@id":"https:\/\/onsala-ing.se\/#\/schema\/logo\/image\/","url":"https:\/\/onsala-ing.se\/wp-content\/uploads\/2023\/05\/logo.png","contentUrl":"https:\/\/onsala-ing.se\/wp-content\/uploads\/2023\/05\/logo.png","width":450,"height":81,"caption":"Onsala Ingenj\u00f6rsbyr\u00e5 AB"},"image":{"@id":"https:\/\/onsala-ing.se\/#\/schema\/logo\/image\/"}}]}},"_links":{"self":[{"href":"https:\/\/onsala-ing.se\/en\/wp-json\/wp\/v2\/pages\/17228608","targetHints":{"allow":["GET"]}}],"collection":[{"href":"https:\/\/onsala-ing.se\/en\/wp-json\/wp\/v2\/pages"}],"about":[{"href":"https:\/\/onsala-ing.se\/en\/wp-json\/wp\/v2\/types\/page"}],"author":[{"embeddable":true,"href":"https:\/\/onsala-ing.se\/en\/wp-json\/wp\/v2\/users\/1"}],"replies":[{"embeddable":true,"href":"https:\/\/onsala-ing.se\/en\/wp-json\/wp\/v2\/comments?post=17228608"}],"version-history":[{"count":5,"href":"https:\/\/onsala-ing.se\/en\/wp-json\/wp\/v2\/pages\/17228608\/revisions"}],"predecessor-version":[{"id":17228831,"href":"https:\/\/onsala-ing.se\/en\/wp-json\/wp\/v2\/pages\/17228608\/revisions\/17228831"}],"wp:attachment":[{"href":"https:\/\/onsala-ing.se\/en\/wp-json\/wp\/v2\/media?parent=17228608"}],"wp:term":[{"taxonomy":"dipi_cpt_category","embeddable":true,"href":"https:\/\/onsala-ing.se\/en\/wp-json\/wp\/v2\/dipi_cpt_category?post=17228608"}],"curies":[{"name":"wp","href":"https:\/\/api.w.org\/{rel}","templated":true}]}}